{"id":130,"date":"2016-02-21T17:38:53","date_gmt":"2016-02-21T17:38:53","guid":{"rendered":"http:\/\/birsam.linkpc.net\/?page_id=130"},"modified":"2023-01-16T20:04:53","modified_gmt":"2023-01-16T18:04:53","slug":"links","status":"publish","type":"page","link":"https:\/\/birgitta-samuelsson.se\/index.php\/links\/","title":{"rendered":"LINKS"},"content":{"rendered":"<p><em><span style=\"color: #000000;\">My art works can be seen and purchased at:<\/span><\/em><\/p>\n<div class=\"contentbox\">\n<p><span style=\"color: #000000;\"><a style=\"color: #000000;\" href=\"http:\/\/www.grafiskasallskapet.se\" target=\"_blank\" rel=\"noopener\">Grafiska S\u00e4llskapet<\/a> Hornsgatan 6, Stockholm. https:\/\/grafiskasallskapet.se<\/span><\/p>\n<p><a style=\"color: #000000;\" href=\"http:\/\/www.konstnarshuset.com\" target=\"_blank\" rel=\"noopener\">Svenska Konstn\u00e4rers F\u00f6rening<\/a>, Sm\u00e5landsgatan 7, Stockholm, SKF <a title=\"Skyddat av Outlook: https:\/\/konstnarshuset.org\/. Klicka eller tryck om du vill f\u00f6lja l\u00e4nken.\" href=\"https:\/\/emea01.safelinks.protection.outlook.com\/?url=https%3A%2F%2Fkonstnarshuset.org%2F&amp;data=05%7C01%7C%7C884e2f38dca24c12b07908daf7dd8685%7C84df9e7fe9f640afb435aaaaaaaaaaaa%7C1%7C0%7C638094828069113324%7CUnknown%7CTWFpbGZsb3d8eyJWIjoiMC4wLjAwMDAiLCJQIjoiV2luMzIiLCJBTiI6Ik1haWwiLCJXVCI6Mn0%3D%7C3000%7C%7C%7C&amp;sdata=BT4esNP0xTaFHNCU3L7%2FxFi8u9gy4J%2Fh75RHCWZ23mA%3D&amp;reserved=0\" target=\"_blank\" rel=\"nofollow noopener noreferrer\" data-auth=\"Verified\" data-linkindex=\"4\">https:\/\/konstnarshuset.org<\/a><\/p>\n<div dir=\"ltr\" data-setdir=\"false\">\n<div dir=\"ltr\" data-setdir=\"false\">ed.art, Hagagatan 14, Stockholm<\/div>\n<div dir=\"ltr\" data-setdir=\"false\">https:\/\/ed-art.se<\/div>\n<div dir=\"ltr\" data-setdir=\"false\">https:\/\/ed-art.se\/sv\/sok?controller=search&amp;s=Birgitta+Samuelsson<\/div>\n<div dir=\"ltr\" data-setdir=\"false\">\u00a0<\/div>\n<\/div>\n<h2>\u00a0<\/h2>\n<h2><em><span style=\"color: #000000;\">more links<\/span><\/em><\/h2>\n<p><span style=\"color: #000000;\">Links to art organizations and associates:<\/span><\/p>\n<p><span style=\"color: #000000;\"><a style=\"color: #000000;\" href=\"http:\/\/www.kro.se\/\" target=\"_blank\" rel=\"noopener\">KRO<\/a> Konstn\u00e4rernas Riksorganisation<\/span><\/p>\n<p><span style=\"color: #000000;\">Birgitta Samuelsson, Artist<\/span><b><\/b><i><\/i><u><\/u><\/p>\n<p><!--End Contentbox--><\/p>\n<p><!--End Content--><\/p>\n<div id=\"foot\">\u00a0<\/div>\n<\/div>\n\n\n<p>.<\/p>\n\n\n\n<p>.<\/p>\n\n\n\n<p>.<\/p>\n\n\n\n<p>.<\/p>\n\n\n\n<p>.<\/p>\n\n\n\n<p>.<\/p>\n\n\n\n<p>.<\/p>\n\n\n\n<p>.<\/p>\n\n\n\n<p>.<\/p>\n\n\n\n<p>.<\/p>\n","protected":false},"excerpt":{"rendered":"<p>My art works can be seen and purchased at: Grafiska S\u00e4llskapet Hornsgatan 6, Stockholm. https:\/\/grafiskasallskapet.se Svenska Konstn\u00e4rers F\u00f6rening, Sm\u00e5landsgatan 7, Stockholm, SKF https:\/\/konstnarshuset.org ed.art, Hagagatan 14, Stockholm https:\/\/ed-art.se https:\/\/ed-art.se\/sv\/sok?controller=search&amp;s=Birgitta+Samuelsson \u00a0 \u00a0 more links Links to art organizations and associates: KRO Konstn\u00e4rernas Riksorganisation Birgitta Samuelsson, Artist \u00a0 . . . . . . . . . [&hellip;]<\/p>\n","protected":false},"author":1,"featured_media":0,"parent":0,"menu_order":0,"comment_status":"closed","ping_status":"closed","template":"","meta":{"footnotes":""},"class_list":["post-130","page","type-page","status-publish","entry"],"_links":{"self":[{"href":"https:\/\/birgitta-samuelsson.se\/index.php\/wp-json\/wp\/v2\/pages\/130","targetHints":{"allow":["GET"]}}],"collection":[{"href":"https:\/\/birgitta-samuelsson.se\/index.php\/wp-json\/wp\/v2\/pages"}],"about":[{"href":"https:\/\/birgitta-samuelsson.se\/index.php\/wp-json\/wp\/v2\/types\/page"}],"author":[{"embeddable":true,"href":"https:\/\/birgitta-samuelsson.se\/index.php\/wp-json\/wp\/v2\/users\/1"}],"replies":[{"embeddable":true,"href":"https:\/\/birgitta-samuelsson.se\/index.php\/wp-json\/wp\/v2\/comments?post=130"}],"version-history":[{"count":19,"href":"https:\/\/birgitta-samuelsson.se\/index.php\/wp-json\/wp\/v2\/pages\/130\/revisions"}],"predecessor-version":[{"id":1197,"href":"https:\/\/birgitta-samuelsson.se\/index.php\/wp-json\/wp\/v2\/pages\/130\/revisions\/1197"}],"wp:attachment":[{"href":"https:\/\/birgitta-samuelsson.se\/index.php\/wp-json\/wp\/v2\/media?parent=130"}],"curies":[{"name":"wp","href":"https:\/\/api.w.org\/{rel}","templated":true}]}}